{"id":11586,"date":"2023-07-05T10:16:34","date_gmt":"2023-07-05T08:16:34","guid":{"rendered":"https:\/\/euromoda-neuss.com\/inscription-a-la-newsletter-reussie\/"},"modified":"2024-08-13T18:24:46","modified_gmt":"2024-08-13T16:24:46","slug":"inscription-a-la-newsletter-reussie","status":"publish","type":"page","link":"https:\/\/euromoda-neuss.com\/fr\/inscription-a-la-newsletter-reussie\/","title":{"rendered":"Inscription \u00e0 la newsletter r\u00e9ussie"},"content":{"rendered":"\t\t<div data-elementor-type=\"wp-page\" data-elementor-id=\"11586\" class=\"elementor elementor-11586 elementor-10464\" data-elementor-post-type=\"page\">\n\t\t\t\t<div class=\"elementor-element elementor-element-5f1a2a8 animated-slow e-flex e-con-boxed elementor-invisible e-con e-parent\" data-id=\"5f1a2a8\" data-element_type=\"container\" data-e-type=\"container\" data-settings=\"{&quot;background_background&quot;:&quot;classic&quot;,&quot;animation&quot;:&quot;fadeIn&quot;}\">\n\t\t\t\t\t<div class=\"e-con-inner\">\n\t\t<div class=\"elementor-element elementor-element-3b5eff7 animated-slow e-flex e-con-boxed elementor-invisible e-con e-child\" data-id=\"3b5eff7\" data-element_type=\"container\" data-e-type=\"container\" data-settings=\"{&quot;background_background&quot;:&quot;classic&quot;,&quot;animation&quot;:&quot;fadeIn&quot;}\">\n\t\t\t\t\t<div class=\"e-con-inner\">\n\t\t\t\t<div class=\"elementor-element elementor-element-c507c14 elementor-invisible elementor-widget elementor-widget-heading\" data-id=\"c507c14\" data-element_type=\"widget\" data-e-type=\"widget\" data-settings=\"{&quot;_animation&quot;:&quot;fadeIn&quot;}\" data-widget_type=\"heading.default\">\n\t\t\t\t\t<h1 class=\"elementor-heading-title elementor-size-default\">Merci !<\/h1>\t\t\t\t<\/div>\n\t\t\t\t<div class=\"elementor-element elementor-element-75f8611 elementor-widget elementor-widget-heading\" data-id=\"75f8611\" data-element_type=\"widget\" data-e-type=\"widget\" data-widget_type=\"heading.default\">\n\t\t\t\t\t<h2 class=\"elementor-heading-title elementor-size-default\">Vous vous \u00eates inscrit avec succ\u00e8s \u00e0 notre newsletter.<\/h2>\t\t\t\t<\/div>\n\t\t\t\t<div class=\"elementor-element elementor-element-69b3a62 elementor-widget__width-initial elementor-widget elementor-widget-text-editor\" data-id=\"69b3a62\" data-element_type=\"widget\" data-e-type=\"widget\" data-widget_type=\"text-editor.default\">\n\t\t\t\t\t\t\t\t\t<p>Vous pouvez vous d\u00e9sinscrire \u00e0 tout moment en cliquant sur le lien &#8220;Se d\u00e9sinscrire&#8221; dans l&#8217;une de nos newsletters.<\/p>\n\t\t\t\t\t\t\t\t<\/div>\n\t\t\t\t\t<\/div>\n\t\t\t\t<\/div>\n\t\t\t\t\t<\/div>\n\t\t\t\t<\/div>\n\t\t\t\t<\/div>\n\t\t","protected":false},"excerpt":{"rendered":"<p>Merci ! Vous vous \u00eates inscrit avec succ\u00e8s \u00e0 notre newsletter. Vous pouvez vous d\u00e9sinscrire \u00e0 tout moment en cliquant sur le lien &#8220;Se d\u00e9sinscrire&#8221; dans l&#8217;une de nos newsletters.<\/p>\n","protected":false},"author":1,"featured_media":0,"parent":0,"menu_order":0,"comment_status":"closed","ping_status":"closed","template":"elementor_header_footer","meta":{"_acf_changed":false,"inline_featured_image":false,"footnotes":""},"class_list":["post-11586","page","type-page","status-publish","hentry"],"acf":[],"_links":{"self":[{"href":"https:\/\/euromoda-neuss.com\/fr\/wp-json\/wp\/v2\/pages\/11586","targetHints":{"allow":["GET"]}}],"collection":[{"href":"https:\/\/euromoda-neuss.com\/fr\/wp-json\/wp\/v2\/pages"}],"about":[{"href":"https:\/\/euromoda-neuss.com\/fr\/wp-json\/wp\/v2\/types\/page"}],"author":[{"embeddable":true,"href":"https:\/\/euromoda-neuss.com\/fr\/wp-json\/wp\/v2\/users\/1"}],"replies":[{"embeddable":true,"href":"https:\/\/euromoda-neuss.com\/fr\/wp-json\/wp\/v2\/comments?post=11586"}],"version-history":[{"count":0,"href":"https:\/\/euromoda-neuss.com\/fr\/wp-json\/wp\/v2\/pages\/11586\/revisions"}],"wp:attachment":[{"href":"https:\/\/euromoda-neuss.com\/fr\/wp-json\/wp\/v2\/media?parent=11586"}],"curies":[{"name":"wp","href":"https:\/\/api.w.org\/{rel}","templated":true}]}}