{"id":11581,"date":"2023-05-23T12:43:59","date_gmt":"2023-05-23T10:43:59","guid":{"rendered":"https:\/\/euromoda-neuss.com\/declaration-de-confidentialite\/"},"modified":"2023-07-10T18:19:23","modified_gmt":"2023-07-10T16:19:23","slug":"declaration-de-confidentialite","status":"publish","type":"page","link":"https:\/\/euromoda-neuss.com\/fr\/declaration-de-confidentialite\/","title":{"rendered":"D\u00e9claration de confidentialit\u00e9"},"content":{"rendered":"\t\t<div data-elementor-type=\"wp-page\" data-elementor-id=\"11581\" class=\"elementor elementor-11581 elementor-9016\" data-elementor-post-type=\"page\">\n\t\t\t\t<div class=\"elementor-element elementor-element-3c07956 e-flex e-con-boxed e-con e-parent\" data-id=\"3c07956\" data-element_type=\"container\" data-e-type=\"container\">\n\t\t\t\t\t<div class=\"e-con-inner\">\n\t\t\t\t<div class=\"elementor-element elementor-element-3277958 elementor-widget elementor-widget-heading\" data-id=\"3277958\" data-element_type=\"widget\" data-e-type=\"widget\" data-widget_type=\"heading.default\">\n\t\t\t\t\t<h2 class=\"elementor-heading-title elementor-size-default\">D\u00e9claration de confidentialit\u00e9<\/h2>\t\t\t\t<\/div>\n\t\t\t\t<div class=\"elementor-element elementor-element-0d76df0 elementor-widget elementor-widget-text-editor\" data-id=\"0d76df0\" data-element_type=\"widget\" data-e-type=\"widget\" data-widget_type=\"text-editor.default\">\n\t\t\t\t\t\t\t\t\t<p>Nous nous r\u00e9jouissons de votre visite sur le site web de l&#8217;EUROMODA Neuss et vous remercions de votre int\u00e9r\u00eat. Nous attachons une grande importance \u00e0 la protection des donn\u00e9es \u00e0 caract\u00e8re personnel. Nous vous informons ci-apr\u00e8s sur la collecte de donn\u00e9es \u00e0 caract\u00e8re personnel lors de l&#8217;utilisation de notre site web. Les donn\u00e9es \u00e0 caract\u00e8re personnel sont toutes les donn\u00e9es qui peuvent vous \u00eatre attribu\u00e9es personnellement, par exemple votre nom, votre adresse, vos adresses e-mail.<\/p>\n<p>Responsable conform\u00e9ment \u00e0 l&#8217;art. 4, al. 7 du r\u00e8glement g\u00e9n\u00e9ral de l&#8217;UE sur la protection des donn\u00e9es (RGPD) est la soci\u00e9t\u00e9 EVG Entwicklungs- und Verwaltungsgesellschaft f\u00fcr Gesch\u00e4fts- und Freizeitzentren mbH, Anton-Kux-Stra\u00dfe 2, 41460 Neuss, e-mail <a href=\"mailto:marketing@euromoda-neuss.de\">marketing@euromoda-neuss.de<\/a> (voir nos mentions l\u00e9gales).<\/p>\n<h4><strong>Collecte de donn\u00e9es \u00e0 caract\u00e8re personnel lors de la visite de notre site web<\/strong><\/h4>\n<p>Lors de la simple utilisation informative du site web, c&#8217;est-\u00e0-dire lorsque vous ne vous enregistrez pas ou ne nous transmettez pas d&#8217;informations d&#8217;une autre mani\u00e8re, nous ne collectons que les donn\u00e9es que votre navigateur transmet \u00e0 notre serveur. Si vous souhaitez consulter notre site web, nous collectons les donn\u00e9es suivantes, qui nous sont techniquement n\u00e9cessaires pour afficher notre site web et en garantir la stabilit\u00e9 et la s\u00e9curit\u00e9 (la base juridique est l&#8217;art. 6, al. 1, phrase 1, point f du RGPD) :<\/p>\n<p>Adresse IP ; date et heure de la demande ; diff\u00e9rence de fuseau horaire par rapport au Greenwich Mean Time (GMT) ; contenu de la demande (page concr\u00e8te) ; statut d&#8217;acc\u00e8s \/ code d&#8217;\u00e9tat HTTP ; quantit\u00e9 de donn\u00e9es transmises dans chaque cas ; site web d&#8217;o\u00f9 provient la demande ; navigateur ; syst\u00e8me d&#8217;exploitation et son interface ; langue et version du logiciel de navigation.<\/p>\n<h4><strong>Prise de contact<\/strong><\/h4>\n<p>Lors de la prise de contact (par exemple par e-mail), vos donn\u00e9es sont enregistr\u00e9es en vue du traitement de la demande ainsi que pour le cas o\u00f9 des questions de suivi se poseraient. Nous supprimons les donn\u00e9es g\u00e9n\u00e9r\u00e9es dans ce contexte apr\u00e8s que leur stockage n&#8217;est plus n\u00e9cessaire ou nous limitons leur traitement s&#8217;il existe des obligations l\u00e9gales de conservation.<\/p>\n<h4><strong>Formulaire de contact<\/strong><\/h4>\n<p>Les donn\u00e9es que vous avez saisies sont enregistr\u00e9es dans le but de communiquer individuellement avec vous. Pour ce faire, il est n\u00e9cessaire d&#8217;indiquer une adresse e-mail valide ainsi que votre nom. Celle-ci sert \u00e0 classer la demande et \u00e0 y r\u00e9pondre ensuite. L&#8217;indication d&#8217;autres donn\u00e9es est facultative.<\/p>\n<p>Le traitement des donn\u00e9es saisies dans le formulaire de contact se fonde sur un int\u00e9r\u00eat l\u00e9gitime (article 6, paragraphe 1, point f du RGPD).<\/p>\n<p>En mettant \u00e0 disposition le formulaire de contact, nous souhaitons vous permettre de prendre facilement contact avec nous. Vos donn\u00e9es sont enregistr\u00e9es dans le but de traiter votre demande et de r\u00e9pondre \u00e0 d&#8217;\u00e9ventuelles questions.<\/p>\n<p>Si vous nous contactez pour demander une offre, le traitement des donn\u00e9es saisies dans le formulaire de contact a lieu pour l&#8217;ex\u00e9cution de mesures pr\u00e9contractuelles (article 6, paragraphe 1, point b) du RGPD).<\/p>\n<p>Les donn\u00e9es sont effac\u00e9es au plus tard 6 mois apr\u00e8s le traitement de la demande.<\/p>\n<p>Dans la mesure o\u00f9 il y a une relation contractuelle, nous sommes soumis aux d\u00e9lais de conservation l\u00e9gaux selon le code de commerce allemand et nous supprimons vos donn\u00e9es apr\u00e8s l&#8217;expiration de ces d\u00e9lais.<\/p>\n<p>La fourniture de vos donn\u00e9es personnelles est volontaire. Nous ne pouvons toutefois traiter votre demande que si vous nous communiquez votre nom, votre adresse e-mail et le motif de votre demande.<\/p>\n<h4><strong>Bulletin d&#8217;information<\/strong><\/h4>\n<p>Avec votre accord, vous pouvez vous abonner \u00e0 notre newsletter. Pour l&#8217;inscription \u00e0 notre newsletter, nous utilisons la proc\u00e9dure dite de double opt-in. Cela signifie qu&#8217;apr\u00e8s votre inscription, nous vous enverrons un e-mail \u00e0 l&#8217;adresse e-mail indiqu\u00e9e, dans lequel nous vous demanderons de confirmer que vous souhaitez recevoir la newsletter. Lors de l&#8217;inscription \u00e0 la newsletter, nous enregistrons les adresses IP que vous avez utilis\u00e9es et les dates d&#8217;inscription et de confirmation. Cet enregistrement sert uniquement de preuve au cas o\u00f9 un tiers abuserait d&#8217;une adresse e-mail et s&#8217;inscrirait \u00e0 la r\u00e9ception de la newsletter \u00e0 l&#8217;insu de l&#8217;ayant droit.<\/p>\n<p>Apr\u00e8s votre confirmation, nous enregistrons votre adresse e-mail dans le but de vous envoyer la newsletter. La base juridique est l&#8217;art. 6, al. 1 p. 1 lit. a RGPD. Vous pouvez \u00e0 tout moment r\u00e9voquer votre consentement \u00e0 l&#8217;envoi de la newsletter et vous d\u00e9sabonner. La r\u00e9vocation peut \u00eatre effectu\u00e9e via un lien dans les newsletters elles-m\u00eames, ou par communication aux possibilit\u00e9s de contact ci-dessus.<\/p>\n<h4><strong>Liens vers d&#8217;autres sites web<\/strong><\/h4>\n<p>Ce site web contient des liens vers d&#8217;autres sites web (appel\u00e9s liens externes). En tant que fournisseur, nous sommes responsables de nos propres contenus conform\u00e9ment \u00e0 la l\u00e9gislation europ\u00e9enne et nationale en vigueur. Il convient de distinguer ces contenus propres des liens vers les contenus mis \u00e0 disposition par d&#8217;autres fournisseurs. Nous n&#8217;avons aucune influence sur le fait que les exploitants d&#8217;autres sites web respectent les dispositions l\u00e9gales europ\u00e9ennes et nationales en vigueur. Veuillez vous informer \u00e0 ce sujet sur les d\u00e9clarations de protection des donn\u00e9es mises \u00e0 disposition sur les sites web respectifs. Nous n&#8217;assumons aucune responsabilit\u00e9 pour les contenus \u00e9trangers mis \u00e0 disposition par le biais de liens et signal\u00e9s comme tels, et nous ne nous approprions pas leur contenu. Seul le fournisseur du site web auquel il est fait r\u00e9f\u00e9rence est responsable des contenus ill\u00e9gaux, erron\u00e9s ou incomplets ainsi que des dommages r\u00e9sultant de l&#8217;utilisation ou de la non-utilisation des informations.<\/p>\n<h4><strong>Utilisation de plug-ins de m\u00e9dias sociaux<\/strong><\/h4>\n<p>Nous utilisons actuellement les plug-ins de m\u00e9dias sociaux suivants : Facebook ; Instagram. Nous utilisons pour cela la solution dite des deux clics. Cela signifie que lorsque vous visitez notre site, aucune donn\u00e9e personnelle n&#8217;est transmise aux fournisseurs des plug-ins. Vous pouvez reconna\u00eetre le fournisseur du plug-in gr\u00e2ce au marquage sur l&#8217;encadr\u00e9 de sa premi\u00e8re lettre ou de son logo. Nous vous offrons la possibilit\u00e9 de communiquer directement avec le fournisseur du plug-in en cliquant sur le bouton. Ce n&#8217;est que lorsque vous cliquez sur le champ marqu\u00e9 et l&#8217;activez ainsi que le fournisseur de plug-in re\u00e7oit l&#8217;information que vous avez consult\u00e9 le site web correspondant. En outre, les donn\u00e9es mentionn\u00e9es ci-dessus au point 1 de la pr\u00e9sente d\u00e9claration sont transmises.<\/p>\n<p>En activant le plug-in, ces donn\u00e9es sont donc transmises par vos soins au fournisseur de plug-in concern\u00e9 et y sont enregistr\u00e9es (aux \u00c9tats-Unis pour les fournisseurs am\u00e9ricains). Nous n&#8217;avons aucune influence sur les donn\u00e9es collect\u00e9es et les processus de traitement des donn\u00e9es, et nous ne connaissons pas non plus l&#8217;\u00e9tendue compl\u00e8te de la collecte des donn\u00e9es, les objectifs du traitement, les d\u00e9lais de stockage. Nous ne disposons pas non plus d&#8217;informations sur la suppression des donn\u00e9es collect\u00e9es par le fournisseur de plug-ins.<\/p>\n<p>Le fournisseur du plug-in enregistre les donn\u00e9es collect\u00e9es \u00e0 votre sujet sous forme de profils d&#8217;utilisation et les utilise \u00e0 des fins de publicit\u00e9, d&#8217;\u00e9tude de march\u00e9 et\/ou de conception de son site web en fonction des besoins. Une telle \u00e9valuation a lieu en particulier (\u00e9galement pour les utilisateurs non connect\u00e9s) afin de pr\u00e9senter une publicit\u00e9 adapt\u00e9e aux besoins et d&#8217;informer les autres utilisateurs du r\u00e9seau social de vos activit\u00e9s sur notre site web. Vous disposez d&#8217;un droit d&#8217;opposition \u00e0 la cr\u00e9ation de ces profils d&#8217;utilisateurs, que vous devez exercer en vous adressant au fournisseur de plug-ins concern\u00e9. Gr\u00e2ce aux plug-ins, nous vous offrons la possibilit\u00e9 d&#8217;interagir avec les r\u00e9seaux sociaux et d&#8217;autres utilisateurs, ce qui nous permet d&#8217;am\u00e9liorer notre offre et de la rendre plus int\u00e9ressante pour vous en tant qu&#8217;utilisateur. La base juridique de l&#8217;utilisation des plug-ins est l&#8217;article 6, paragraphe 6. 1 p. 1 lit. f du RGPD.<\/p>\n<p>La transmission des donn\u00e9es a lieu ind\u00e9pendamment du fait que vous poss\u00e9diez ou non un compte chez le fournisseur de plug-ins et que vous y soyez connect\u00e9. Si vous \u00eates connect\u00e9 chez le fournisseur de plug-ins, les donn\u00e9es que nous collectons sont directement attribu\u00e9es \u00e0 votre compte existant chez le fournisseur de plug-ins. Si vous cliquez sur le bouton activ\u00e9 et que, par exemple, vous cr\u00e9ez un lien vers la page, le fournisseur du plug-in enregistre \u00e9galement cette information dans votre compte utilisateur et la communique publiquement \u00e0 vos contacts. Nous vous recommandons de vous d\u00e9connecter r\u00e9guli\u00e8rement apr\u00e8s avoir utilis\u00e9 un r\u00e9seau social, mais surtout avant d&#8217;activer le bouton, car vous \u00e9viterez ainsi d&#8217;\u00eatre associ\u00e9 \u00e0 votre profil chez le fournisseur de plug-ins.<\/p>\n<p>Pour plus d&#8217;informations sur l&#8217;objectif et l&#8217;\u00e9tendue de la collecte de donn\u00e9es et de leur traitement par le fournisseur de plug-ins, veuillez consulter les d\u00e9clarations de protection des donn\u00e9es de ces fournisseurs, communiqu\u00e9es ci-dessous. Vous y trouverez \u00e9galement de plus amples informations sur vos droits en la mati\u00e8re et sur les possibilit\u00e9s de param\u00e9trage pour la protection de votre vie priv\u00e9e :<\/p>\n<p>Facebook Inc., 1601 S California Ave. Palo Alto, California 94304, USA ;<\/p>\n<p><a href=\"http:\/\/facebook.com\/policy.php\" target=\"_blank\" rel=\"noopener\">http:\/\/facebook.com\/policy.php.<\/a><\/p>\n<p>Instagram LLC, 1601 Willow Road, Menlo Park CA 94026, \u00c9tats-Unis ;<\/p>\n<p><a href=\"http:\/\/instagram.com\/legal\/privacy\/\" target=\"_blank\" rel=\"noopener\">http:\/\/instagram.com\/legal\/privacy\/.<\/a><\/p>\n<h4><strong>Utilisation de Google Maps<\/strong><\/h4>\n<p>Ce site web utilise Google Maps pour la repr\u00e9sentation de cartes et la cr\u00e9ation de plans d&#8217;acc\u00e8s. Google Maps est exploit\u00e9 par Google Inc, 1600 Amphitheatre Parkway, Mountain View, CA 94043, USA. En utilisant ce site Internet, vous acceptez la saisie, le traitement et l&#8217;utilisation des donn\u00e9es collect\u00e9es automatiquement et des donn\u00e9es que vous avez saisies par Google, un de ses repr\u00e9sentants ou des fournisseurs tiers. Vous trouverez ici les conditions d&#8217;utilisation de Google Maps :<\/p>\n<p><a href=\"http:\/\/www.google.com\/intl\/de_de\/help\/terms_maps.html\" target=\"_blank\" rel=\"noopener\">http:\/\/www.google.com\/intl\/de_de\/help\/terms_maps.html<\/a><\/p>\n<h4><strong>Utilisation de Google Analytics<\/strong><\/h4>\n<p>Ce site web utilise Google Analytics, un service d&#8217;analyse web de Google LLC, 1600 Amphitheatre Parkway, Mountain View, CA 94043 USA (ci-apr\u00e8s : &#8220;Google&#8221;). Google Analytics utilise des &#8220;cookies&#8221;, c&#8217;est-\u00e0-dire des fichiers texte qui sont enregistr\u00e9s sur votre ordinateur et qui permettent d&#8217;analyser votre utilisation du site web. Les informations g\u00e9n\u00e9r\u00e9es par le cookie concernant votre utilisation de ce site web sont g\u00e9n\u00e9ralement transmises \u00e0 un serveur de Google aux \u00c9tats-Unis et y sont enregistr\u00e9es. En raison de l&#8217;activation de l&#8217;anonymisation IP sur ces pages web, votre adresse IP sera toutefois abr\u00e9g\u00e9e par Google au sein des \u00c9tats membres de l&#8217;Union europ\u00e9enne ou dans d&#8217;autres \u00c9tats signataires de l&#8217;accord sur l&#8217;Espace \u00e9conomique europ\u00e9en. Ce n&#8217;est que dans des cas exceptionnels que l&#8217;adresse IP compl\u00e8te est transmise \u00e0 un serveur de Google aux \u00c9tats-Unis et y est raccourcie. Google utilisera ces informations pour le compte de l&#8217;exploitant de ce site web afin d&#8217;\u00e9valuer votre utilisation du site web, de compiler des rapports sur les activit\u00e9s du site web et de fournir \u00e0 l&#8217;exploitant du site web d&#8217;autres services li\u00e9s \u00e0 l&#8217;utilisation du site web et d&#8217;Internet. L&#8217;adresse IP transmise par votre navigateur dans le cadre de Google Analytics n&#8217;est pas recoup\u00e9e avec d&#8217;autres donn\u00e9es de Google.<\/p>\n<p>Les objectifs du traitement des donn\u00e9es sont l&#8217;\u00e9valuation de l&#8217;utilisation du site web et la compilation de rapports sur les activit\u00e9s du site web. Sur la base de l&#8217;utilisation du site web et d&#8217;Internet, d&#8217;autres services connexes doivent alors \u00eatre fournis.<\/p>\n<p>Le traitement des donn\u00e9es est effectu\u00e9 sur la base du consentement de l&#8217;utilisateur (article 6, paragraphe 1, point a) du RGPD).<\/p>\n<p>Le destinataire des donn\u00e9es est Google en tant que sous-traitant. Pour ce faire, nous avons conclu avec Google le contrat de traitement des commandes correspondant.<\/p>\n<p>La suppression des donn\u00e9es a lieu d\u00e8s qu&#8217;elles ne sont plus n\u00e9cessaires \u00e0 nos fins d&#8217;enregistrement.<\/p>\n<p>Google traite vos donn\u00e9es aux \u00c9tats-Unis et a souscrit au Privacy Shield de l&#8217;UE_US <a href=\"https:\/\/www.privacyshield.gov\/EU-US-Framework\" target=\"_blank\" rel=\"noopener\">https:\/\/www.privacyshield.gov\/EU-US-Framework.<\/a><\/p>\n<p>La mise \u00e0 disposition de vos donn\u00e9es personnelles est volontaire, uniquement sur la base de votre consentement. Si vous interdisez l&#8217;acc\u00e8s, cela peut limiter les fonctions du site.<\/p>\n<p>Vous pouvez emp\u00eacher l&#8217;enregistrement des cookies en param\u00e9trant votre logiciel de navigation en cons\u00e9quence ; nous attirons toutefois votre attention sur le fait que, dans ce cas, vous ne pourrez peut-\u00eatre pas utiliser toutes les fonctions de ce site web dans leur int\u00e9gralit\u00e9. Vous pouvez en outre emp\u00eacher la saisie par Google des donn\u00e9es g\u00e9n\u00e9r\u00e9es par le cookie et relatives \u00e0 votre utilisation du site web (y compris votre adresse IP) ainsi que le traitement de ces donn\u00e9es par Google en t\u00e9l\u00e9chargeant et en installant le plug-in de navigateur disponible sous le lien suivant :  <a href=\"http:\/\/tools.google.com\/dlpage\/gaoptout?hl=de\" target=\"_blank\" rel=\"noopener\">Module compl\u00e9mentaire de navigateur pour la d\u00e9sactivation de Google Analytics<\/a>.<\/p>\n<p>L&#8217;outil de suivi Google Analytics permet d&#8217;\u00e9valuer le comportement des visiteurs du site et d&#8217;analyser leurs int\u00e9r\u00eats. Nous cr\u00e9ons \u00e0 cet effet un profil d&#8217;utilisateur pseudonyme.<\/p>\n<p>Vous avez le droit d&#8217;obtenir gratuitement, sur demande, des informations sur les donn\u00e9es personnelles enregistr\u00e9es vous concernant, ainsi que le droit de rectifier des donn\u00e9es inexactes, de limiter le traitement, de vous opposer au traitement, de demander la portabilit\u00e9 des donn\u00e9es et de demander le blocage et la suppression de vos donn\u00e9es personnelles, dans la mesure o\u00f9 aucune obligation l\u00e9gale de conservation ne s&#8217;y oppose.<\/p>\n<p>Vous avez \u00e9galement le droit de d\u00e9poser une plainte aupr\u00e8s d&#8217;une autorit\u00e9 de contr\u00f4le de la protection des donn\u00e9es concernant le traitement de vos donn\u00e9es personnelles par nos soins.<\/p>\n<h4><strong>Cryptage SSL<\/strong><\/h4>\n<p>Afin de prot\u00e9ger la s\u00e9curit\u00e9 de vos donn\u00e9es lors de leur transmission, nous utilisons des proc\u00e9dures de cryptage conformes \u00e0 l&#8217;\u00e9tat actuel de la technique (par ex. SSL) via HTTPS.<\/p>\n<h4><strong>Sous-traitants utilis\u00e9s<\/strong><\/h4>\n<p>Les organisations, entreprises ou personnes suivantes ont \u00e9t\u00e9 mandat\u00e9es par l&#8217;exploitant de ce site web pour le traitement des donn\u00e9es :<\/p>\n<p>Agence de publicit\u00e9 LIVE (Mathias Binder)<\/p>\n<h4><strong>Sous r\u00e9serve de modifications<\/strong><\/h4>\n<p>Nous nous r\u00e9servons le droit de modifier nos pratiques en mati\u00e8re de protection des donn\u00e9es ainsi que la pr\u00e9sente d\u00e9claration afin de vous informer, le cas \u00e9ch\u00e9ant, des modifications apport\u00e9es. aux modifications des lois et r\u00e8glements pertinents ou pour mieux r\u00e9pondre \u00e0 vos besoins.<\/p>\n<p>Neuss, juillet 2023<\/p>\n<div id=\"gap-682707838\" class=\"gap-element clearfix\"> <\/div>\n\t\t\t\t\t\t\t\t<\/div>\n\t\t\t\t\t<\/div>\n\t\t\t\t<\/div>\n\t\t\t\t<\/div>\n\t\t","protected":false},"excerpt":{"rendered":"<p>D\u00e9claration de confidentialit\u00e9 Nous nous r\u00e9jouissons de votre visite sur le site web de l&#8217;EUROMODA Neuss et vous remercions de votre int\u00e9r\u00eat. Nous attachons une grande importance \u00e0 la protection des donn\u00e9es \u00e0 caract\u00e8re personnel. Nous vous informons ci-apr\u00e8s sur la collecte de donn\u00e9es \u00e0 caract\u00e8re personnel lors de l&#8217;utilisation de notre site web. Les [&hellip;]<\/p>\n","protected":false},"author":1,"featured_media":0,"parent":0,"menu_order":0,"comment_status":"closed","ping_status":"closed","template":"elementor_header_footer","meta":{"_acf_changed":false,"inline_featured_image":false,"footnotes":""},"class_list":["post-11581","page","type-page","status-publish","hentry"],"acf":[],"_links":{"self":[{"href":"https:\/\/euromoda-neuss.com\/fr\/wp-json\/wp\/v2\/pages\/11581","targetHints":{"allow":["GET"]}}],"collection":[{"href":"https:\/\/euromoda-neuss.com\/fr\/wp-json\/wp\/v2\/pages"}],"about":[{"href":"https:\/\/euromoda-neuss.com\/fr\/wp-json\/wp\/v2\/types\/page"}],"author":[{"embeddable":true,"href":"https:\/\/euromoda-neuss.com\/fr\/wp-json\/wp\/v2\/users\/1"}],"replies":[{"embeddable":true,"href":"https:\/\/euromoda-neuss.com\/fr\/wp-json\/wp\/v2\/comments?post=11581"}],"version-history":[{"count":0,"href":"https:\/\/euromoda-neuss.com\/fr\/wp-json\/wp\/v2\/pages\/11581\/revisions"}],"wp:attachment":[{"href":"https:\/\/euromoda-neuss.com\/fr\/wp-json\/wp\/v2\/media?parent=11581"}],"curies":[{"name":"wp","href":"https:\/\/api.w.org\/{rel}","templated":true}]}}