{"id":11568,"date":"2023-05-23T12:57:13","date_gmt":"2023-05-23T10:57:13","guid":{"rendered":"https:\/\/euromoda-neuss.com\/mentions-legales\/"},"modified":"2025-03-19T10:25:55","modified_gmt":"2025-03-19T09:25:55","slug":"mentions-legales","status":"publish","type":"page","link":"https:\/\/euromoda-neuss.com\/fr\/mentions-legales\/","title":{"rendered":"Mentions l\u00e9gales"},"content":{"rendered":"\t\t<div data-elementor-type=\"wp-page\" data-elementor-id=\"11568\" class=\"elementor elementor-11568 elementor-9028\" data-elementor-post-type=\"page\">\n\t\t\t\t<div class=\"elementor-element elementor-element-3c07956 e-flex e-con-boxed e-con e-parent\" data-id=\"3c07956\" data-element_type=\"container\" data-e-type=\"container\">\n\t\t\t\t\t<div class=\"e-con-inner\">\n\t\t\t\t<div class=\"elementor-element elementor-element-3277958 elementor-widget elementor-widget-heading\" data-id=\"3277958\" data-element_type=\"widget\" data-e-type=\"widget\" data-widget_type=\"heading.default\">\n\t\t\t\t\t<h2 class=\"elementor-heading-title elementor-size-default\">Mentions l\u00e9gales<\/h2>\t\t\t\t<\/div>\n\t\t\t\t<div class=\"elementor-element elementor-element-0d76df0 elementor-widget elementor-widget-text-editor\" data-id=\"0d76df0\" data-element_type=\"widget\" data-e-type=\"widget\" data-widget_type=\"text-editor.default\">\n\t\t\t\t\t\t\t\t\t<p style=\"text-align: left;\">Le fournisseur de contenu responsable de la pr\u00e9sente page d&#8217;accueil au sens du \u00a7 5 de la loi sur les t\u00e9l\u00e9m\u00e9dias (TMG) est :<\/p>\n<p>EVG Entwicklungs- und Verwaltungsgesellschaft<br \/>f\u00fcr Gesch\u00e4fts- und Freizeitzentren m.b.H.<br \/>Anton-Kux-Str. 2<br \/>41460 Neuss<br \/>Allemagne<\/p>\n<p>T\u00e9l\u00e9phone : 02131-1690-0<br \/>T\u00e9l\u00e9copieur : 02131-1690-91<\/p>\n<p>E-mail : marketing@euromoda-neuss.de<br \/>Internet : www.euromoda-neuss.com<br \/>Tribunal d&#8217;enregistrement : Tribunal d&#8217;instance de Hambourg<br \/>Num\u00e9ro d&#8217;enregistrement : HRB 31880<br \/>Num\u00e9ro de TVA intracommunautaire : DE118705698<br \/>Directeur : Viktoria Luise Greve<\/p>\n<p>Directeur du centre : Dirk P. Goeldner, dipl\u00f4m\u00e9 en gestion d&#8217;entreprise<\/p>\n<p>Droits de l&#8217;image : <span style=\"color: var( --e-global-color-text ); font-family: var( --e-global-typography-text-font-family ), Sans-serif; font-weight: var( --e-global-typography-text-font-weight ); text-align: var(--text-align); background-color: var( --e-global-color-7f5c5a9 ); font-size: 1rem;\">\u00a9 <\/span><span style=\"background-color: var( --e-global-color-7f5c5a9 ); color: var( --e-global-color-text ); font-family: var( --e-global-typography-text-font-family ), Sans-serif; font-size: 1rem; font-weight: var( --e-global-typography-text-font-weight ); text-align: var(--text-align);\">shutterstock.com, \u00a9 Mathias Binder<\/span><\/p>\n<p>Disclaimer\/Information sur la probl\u00e9matique des liens externes :<\/p>\n<p>Le contenu de nos pages a \u00e9t\u00e9 \u00e9labor\u00e9 avec le plus grand soin. Nous ne pouvons toutefois pas garantir l&#8217;exactitude, l&#8217;exhaustivit\u00e9 et l&#8217;actualit\u00e9 des pages et des contenus. Toute responsabilit\u00e9 est exclue, en particulier pour d&#8217;\u00e9ventuels dommages ou cons\u00e9quences r\u00e9sultant de l&#8217;utilisation des connaissances propos\u00e9es.<\/p>\n<p>Les textes de cette page et des autres pages ainsi que la conception de ces derni\u00e8res sont soumis au droit d&#8217;auteur du fournisseur de contenu ou des personnes nomm\u00e9ment cit\u00e9es, dans la mesure o\u00f9 la loi le permet. Le t\u00e9l\u00e9chargement de contenus pour un usage personnel, priv\u00e9 et non commercial est toutefois autoris\u00e9.<\/p>\n<p>Le fournisseur de contenus n&#8217;est responsable des contenus \u00e9trangers auxquels il est fait r\u00e9f\u00e9rence que s&#8217;il en a une connaissance positive (c&#8217;est-\u00e0-dire \u00e9galement d&#8217;un contenu ill\u00e9gal ou r\u00e9pr\u00e9hensible) et qu&#8217;il est techniquement possible et raisonnable d&#8217;en emp\u00eacher l&#8217;utilisation (TMG).<\/p>\n<p>Les offres de tiers auxquelles il est fait r\u00e9f\u00e9rence sont des offres dynamiques. Lors de la premi\u00e8re connexion, le contenu \u00e9tranger est v\u00e9rifi\u00e9 afin de d\u00e9terminer s&#8217;il peut entra\u00eener une responsabilit\u00e9 civile ou p\u00e9nale. Le fournisseur de contenu n&#8217;est cependant pas tenu, en vertu de la loi allemande sur les m\u00e9dias \u00e9lectroniques (TMG), de v\u00e9rifier en permanence les contenus auxquels il renvoie dans son offre pour voir s&#8217;ils ont subi des modifications susceptibles de justifier une nouvelle responsabilit\u00e9. Ce n&#8217;est que lorsqu&#8217;il constatera ou sera inform\u00e9 par d&#8217;autres qu&#8217;une offre concr\u00e8te pour laquelle il a mis un lien \u00e0 disposition entra\u00eene une responsabilit\u00e9 civile ou p\u00e9nale, qu&#8217;il supprimera le renvoi \u00e0 cette offre, dans la mesure o\u00f9 cela lui est techniquement possible et raisonnable.<br \/>Dans la mesure o\u00f9 ces pages peuvent \u00eatre compl\u00e9t\u00e9es par des contenus provenant de visiteurs (par exemple dans un livre d&#8217;or ou un groupe de discussion), le fournisseur de contenu de cette page d&#8217;accueil n&#8217;est pas responsable de ces contenus \u00e9trangers. L&#8217;auteur respectif est responsable. Si des infractions \u00e0 la l\u00e9gislation en vigueur sont constat\u00e9es, ces contenus tiers seront imm\u00e9diatement supprim\u00e9s.<\/p>\n<p>Remarque :<\/p>\n<p>Le site Internet est h\u00e9berg\u00e9 par la soci\u00e9t\u00e9 Strato AG. Les donn\u00e9es relatives au trafic y sont stock\u00e9es.<\/p>\n<p>Les pages Internet pr\u00e9sent\u00e9es ici contiennent en partie du mat\u00e9riel provenant de www.fotolia.de et d&#8217;autres sources d&#8217;images et de textes dont les droits d&#8217;auteur sont prot\u00e9g\u00e9s et appartiennent au titulaire des droits ou au propri\u00e9taire du domaine.<\/p>\n\t\t\t\t\t\t\t\t<\/div>\n\t\t\t\t\t<\/div>\n\t\t\t\t<\/div>\n\t\t\t\t<\/div>\n\t\t","protected":false},"excerpt":{"rendered":"<p>Mentions l\u00e9gales Le fournisseur de contenu responsable de la pr\u00e9sente page d&#8217;accueil au sens du \u00a7 5 de la loi sur les t\u00e9l\u00e9m\u00e9dias (TMG) est : EVG Entwicklungs- und Verwaltungsgesellschaftf\u00fcr Gesch\u00e4fts- und Freizeitzentren m.b.H.Anton-Kux-Str. 241460 NeussAllemagne T\u00e9l\u00e9phone : 02131-1690-0T\u00e9l\u00e9copieur : 02131-1690-91 E-mail : marketing@euromoda-neuss.deInternet : www.euromoda-neuss.comTribunal d&#8217;enregistrement : Tribunal d&#8217;instance de HambourgNum\u00e9ro d&#8217;enregistrement : HRB [&hellip;]<\/p>\n","protected":false},"author":1,"featured_media":0,"parent":0,"menu_order":0,"comment_status":"closed","ping_status":"closed","template":"elementor_header_footer","meta":{"_acf_changed":false,"inline_featured_image":false,"footnotes":""},"class_list":["post-11568","page","type-page","status-publish","hentry"],"acf":[],"_links":{"self":[{"href":"https:\/\/euromoda-neuss.com\/fr\/wp-json\/wp\/v2\/pages\/11568","targetHints":{"allow":["GET"]}}],"collection":[{"href":"https:\/\/euromoda-neuss.com\/fr\/wp-json\/wp\/v2\/pages"}],"about":[{"href":"https:\/\/euromoda-neuss.com\/fr\/wp-json\/wp\/v2\/types\/page"}],"author":[{"embeddable":true,"href":"https:\/\/euromoda-neuss.com\/fr\/wp-json\/wp\/v2\/users\/1"}],"replies":[{"embeddable":true,"href":"https:\/\/euromoda-neuss.com\/fr\/wp-json\/wp\/v2\/comments?post=11568"}],"version-history":[{"count":0,"href":"https:\/\/euromoda-neuss.com\/fr\/wp-json\/wp\/v2\/pages\/11568\/revisions"}],"wp:attachment":[{"href":"https:\/\/euromoda-neuss.com\/fr\/wp-json\/wp\/v2\/media?parent=11568"}],"curies":[{"name":"wp","href":"https:\/\/api.w.org\/{rel}","templated":true}]}}