{"id":11550,"date":"2023-05-23T13:01:42","date_gmt":"2023-05-23T11:01:42","guid":{"rendered":"https:\/\/euromoda-neuss.com\/durabilite\/"},"modified":"2024-11-21T13:51:50","modified_gmt":"2024-11-21T12:51:50","slug":"durabilite","status":"publish","type":"page","link":"https:\/\/euromoda-neuss.com\/fr\/durabilite\/","title":{"rendered":"D\u00e9veloppement durable"},"content":{"rendered":"\t\t<div data-elementor-type=\"wp-page\" data-elementor-id=\"11550\" class=\"elementor elementor-11550 elementor-9036\" data-elementor-post-type=\"page\">\n\t\t\t\t<div class=\"elementor-element elementor-element-e14c47b animated-slow e-flex e-con-boxed elementor-invisible e-con e-parent\" data-id=\"e14c47b\" data-element_type=\"container\" data-e-type=\"container\" data-settings=\"{&quot;background_background&quot;:&quot;classic&quot;,&quot;animation&quot;:&quot;fadeIn&quot;}\">\n\t\t\t\t\t<div class=\"e-con-inner\">\n\t\t<div class=\"elementor-element elementor-element-5dbd307 animated-slow e-flex e-con-boxed elementor-invisible e-con e-child\" data-id=\"5dbd307\" data-element_type=\"container\" data-e-type=\"container\" data-settings=\"{&quot;background_background&quot;:&quot;classic&quot;,&quot;animation&quot;:&quot;fadeIn&quot;}\">\n\t\t\t\t\t<div class=\"e-con-inner\">\n\t\t\t\t<div class=\"elementor-element elementor-element-71045d9 elementor-invisible elementor-widget elementor-widget-heading\" data-id=\"71045d9\" data-element_type=\"widget\" data-e-type=\"widget\" data-settings=\"{&quot;_animation&quot;:&quot;fadeIn&quot;}\" data-widget_type=\"heading.default\">\n\t\t\t\t\t<h1 class=\"elementor-heading-title elementor-size-default\">D\u00e9veloppement durable<\/h1>\t\t\t\t<\/div>\n\t\t\t\t<div class=\"elementor-element elementor-element-037b485 elementor-widget-mobile__width-initial elementor-invisible elementor-widget elementor-widget-heading\" data-id=\"037b485\" data-element_type=\"widget\" data-e-type=\"widget\" data-settings=\"{&quot;_animation&quot;:&quot;fadeIn&quot;,&quot;_animation_delay&quot;:50}\" data-widget_type=\"heading.default\">\n\t\t\t\t\t<h2 class=\"elementor-heading-title elementor-size-default\">Parce que c'est important pour nous<\/h2>\t\t\t\t<\/div>\n\t\t\t\t\t<\/div>\n\t\t\t\t<\/div>\n\t\t\t\t\t<\/div>\n\t\t\t\t<\/div>\n\t\t<div class=\"elementor-element elementor-element-115950a e-flex e-con-boxed e-con e-parent\" data-id=\"115950a\" data-element_type=\"container\" data-e-type=\"container\">\n\t\t\t\t\t<div class=\"e-con-inner\">\n\t\t<div class=\"elementor-element elementor-element-afb351e e-con-full e-flex e-con e-child\" data-id=\"afb351e\" data-element_type=\"container\" data-e-type=\"container\">\n\t\t<div class=\"elementor-element elementor-element-ff97528 e-flex e-con-boxed e-con e-child\" data-id=\"ff97528\" data-element_type=\"container\" data-e-type=\"container\" data-settings=\"{&quot;background_background&quot;:&quot;classic&quot;}\">\n\t\t\t\t\t<div class=\"e-con-inner\">\n\t\t<a class=\"elementor-element elementor-element-e0acfb6 e-con-full e-flex elementor-invisible e-con e-child\" data-id=\"e0acfb6\" data-element_type=\"container\" data-e-type=\"container\" data-settings=\"{&quot;background_background&quot;:&quot;classic&quot;,&quot;background_motion_fx_motion_fx_scrolling&quot;:&quot;yes&quot;,&quot;background_motion_fx_translateY_effect&quot;:&quot;yes&quot;,&quot;background_motion_fx_translateY_speed&quot;:{&quot;unit&quot;:&quot;px&quot;,&quot;size&quot;:2,&quot;sizes&quot;:[]},&quot;animation&quot;:&quot;fadeIn&quot;,&quot;background_motion_fx_translateY_affectedRange&quot;:{&quot;unit&quot;:&quot;%&quot;,&quot;size&quot;:&quot;&quot;,&quot;sizes&quot;:{&quot;start&quot;:0,&quot;end&quot;:100}},&quot;background_motion_fx_devices&quot;:[&quot;desktop&quot;,&quot;laptop&quot;,&quot;tablet_extra&quot;,&quot;tablet&quot;,&quot;mobile_extra&quot;,&quot;mobile&quot;]}\" href=\"http:\/\/hi-neuss.de\/\" target=\"_blank\" rel=\"noopener\">\n\t\t\t\t<\/a>\n\t\t<div class=\"elementor-element elementor-element-1168b41 e-con-full e-flex elementor-invisible e-con e-child\" data-id=\"1168b41\" data-element_type=\"container\" data-e-type=\"container\" data-settings=\"{&quot;background_background&quot;:&quot;classic&quot;,&quot;animation&quot;:&quot;fadeInUp&quot;}\">\n\t\t<div class=\"elementor-element elementor-element-3b6a459 e-flex e-con-boxed e-con e-child\" data-id=\"3b6a459\" data-element_type=\"container\" data-e-type=\"container\">\n\t\t\t\t\t<div class=\"e-con-inner\">\n\t\t\t\t<div class=\"elementor-element elementor-element-d033edf elementor-widget-mobile__width-initial elementor-invisible elementor-widget elementor-widget-heading\" data-id=\"d033edf\" data-element_type=\"widget\" data-e-type=\"widget\" data-settings=\"{&quot;_animation&quot;:&quot;fadeIn&quot;,&quot;_animation_delay&quot;:50}\" data-widget_type=\"heading.default\">\n\t\t\t\t\t<h2 class=\"elementor-heading-title elementor-size-default\">PHOTOVOLTA\u00cfQUE<\/h2>\t\t\t\t<\/div>\n\t\t\t\t<div class=\"elementor-element elementor-element-4d22e54 elementor-widget__width-initial elementor-widget elementor-widget-text-editor\" data-id=\"4d22e54\" data-element_type=\"widget\" data-e-type=\"widget\" data-widget_type=\"text-editor.default\">\n\t\t\t\t\t\t\t\t\t<p class=\"p1\">Des installations photovolta\u00efques ultramodernes produisent de l&#8217;\u00e9lectricit\u00e9 durable sur les toits d\u2019EUROMODA. <\/p>\n\t\t\t\t\t\t\t\t<\/div>\n\t\t\t\t\t<\/div>\n\t\t\t\t<\/div>\n\t\t\t\t<\/div>\n\t\t\t\t\t<\/div>\n\t\t\t\t<\/div>\n\t\t\t\t<\/div>\n\t\t\t\t\t<\/div>\n\t\t\t\t<\/div>\n\t\t<div class=\"elementor-element elementor-element-590c490 e-flex e-con-boxed e-con e-parent\" data-id=\"590c490\" data-element_type=\"container\" data-e-type=\"container\">\n\t\t\t\t\t<div class=\"e-con-inner\">\n\t\t<div class=\"elementor-element elementor-element-6bbfb24 e-con-full e-flex e-con e-child\" data-id=\"6bbfb24\" data-element_type=\"container\" data-e-type=\"container\">\n\t\t<div class=\"elementor-element elementor-element-9a2f655 e-flex e-con-boxed e-con e-child\" data-id=\"9a2f655\" data-element_type=\"container\" data-e-type=\"container\" data-settings=\"{&quot;background_background&quot;:&quot;classic&quot;}\">\n\t\t\t\t\t<div class=\"e-con-inner\">\n\t\t<a class=\"elementor-element elementor-element-94c2dcc e-con-full e-flex elementor-invisible e-con e-child\" data-id=\"94c2dcc\" data-element_type=\"container\" data-e-type=\"container\" data-settings=\"{&quot;background_background&quot;:&quot;classic&quot;,&quot;background_motion_fx_motion_fx_scrolling&quot;:&quot;yes&quot;,&quot;background_motion_fx_translateY_effect&quot;:&quot;yes&quot;,&quot;background_motion_fx_translateY_speed&quot;:{&quot;unit&quot;:&quot;px&quot;,&quot;size&quot;:2,&quot;sizes&quot;:[]},&quot;animation&quot;:&quot;fadeIn&quot;,&quot;background_motion_fx_translateY_affectedRange&quot;:{&quot;unit&quot;:&quot;%&quot;,&quot;size&quot;:&quot;&quot;,&quot;sizes&quot;:{&quot;start&quot;:0,&quot;end&quot;:100}},&quot;background_motion_fx_devices&quot;:[&quot;desktop&quot;,&quot;laptop&quot;,&quot;tablet_extra&quot;,&quot;tablet&quot;,&quot;mobile_extra&quot;,&quot;mobile&quot;]}\" href=\"http:\/\/hi-neuss.de\/\" target=\"_blank\" rel=\"noopener\">\n\t\t\t\t<\/a>\n\t\t<div class=\"elementor-element elementor-element-9cfaa32 e-con-full e-flex elementor-invisible e-con e-child\" data-id=\"9cfaa32\" data-element_type=\"container\" data-e-type=\"container\" data-settings=\"{&quot;background_background&quot;:&quot;classic&quot;,&quot;animation&quot;:&quot;fadeInUp&quot;}\">\n\t\t<div class=\"elementor-element elementor-element-0e50340 e-flex e-con-boxed e-con e-child\" data-id=\"0e50340\" data-element_type=\"container\" data-e-type=\"container\">\n\t\t\t\t\t<div class=\"e-con-inner\">\n\t\t\t\t<div class=\"elementor-element elementor-element-3755554 elementor-widget-mobile__width-initial elementor-invisible elementor-widget elementor-widget-heading\" data-id=\"3755554\" data-element_type=\"widget\" data-e-type=\"widget\" data-settings=\"{&quot;_animation&quot;:&quot;fadeIn&quot;,&quot;_animation_delay&quot;:50}\" data-widget_type=\"heading.default\">\n\t\t\t\t\t<h2 class=\"elementor-heading-title elementor-size-default\">TRANSMISSION DE DECHETS <\/h2>\t\t\t\t<\/div>\n\t\t\t\t<div class=\"elementor-element elementor-element-f74e619 elementor-widget__width-initial elementor-widget elementor-widget-text-editor\" data-id=\"f74e619\" data-element_type=\"widget\" data-e-type=\"widget\" data-widget_type=\"text-editor.default\">\n\t\t\t\t\t\t\t\t\t<p>Afin de garantir un recyclage maximal des d\u00e9chets, tous les d\u00e9chets produits \u00e0 EUROMODA sont tri\u00e9s physiquement sur place par une entreprise sp\u00e9cialis\u00e9e dans l&#8217;\u00e9limination des d\u00e9chets et collect\u00e9s dans douze conteneurs diff\u00e9rents.<\/p>\n\t\t\t\t\t\t\t\t<\/div>\n\t\t\t\t\t<\/div>\n\t\t\t\t<\/div>\n\t\t\t\t<\/div>\n\t\t\t\t\t<\/div>\n\t\t\t\t<\/div>\n\t\t\t\t<\/div>\n\t\t\t\t\t<\/div>\n\t\t\t\t<\/div>\n\t\t<div class=\"elementor-element elementor-element-ec0e3fc e-flex e-con-boxed e-con e-parent\" data-id=\"ec0e3fc\" data-element_type=\"container\" data-e-type=\"container\">\n\t\t\t\t\t<div class=\"e-con-inner\">\n\t\t<div class=\"elementor-element elementor-element-81a7b12 e-con-full e-flex e-con e-child\" data-id=\"81a7b12\" data-element_type=\"container\" data-e-type=\"container\">\n\t\t<div class=\"elementor-element elementor-element-d6c5d57 e-flex e-con-boxed e-con e-child\" data-id=\"d6c5d57\" data-element_type=\"container\" data-e-type=\"container\" data-settings=\"{&quot;background_background&quot;:&quot;classic&quot;}\">\n\t\t\t\t\t<div class=\"e-con-inner\">\n\t\t<a class=\"elementor-element elementor-element-28095cf e-con-full e-flex elementor-invisible e-con e-child\" data-id=\"28095cf\" data-element_type=\"container\" data-e-type=\"container\" data-settings=\"{&quot;background_background&quot;:&quot;classic&quot;,&quot;background_motion_fx_motion_fx_scrolling&quot;:&quot;yes&quot;,&quot;background_motion_fx_translateY_effect&quot;:&quot;yes&quot;,&quot;background_motion_fx_translateY_speed&quot;:{&quot;unit&quot;:&quot;px&quot;,&quot;size&quot;:2,&quot;sizes&quot;:[]},&quot;animation&quot;:&quot;fadeIn&quot;,&quot;background_motion_fx_translateY_affectedRange&quot;:{&quot;unit&quot;:&quot;%&quot;,&quot;size&quot;:&quot;&quot;,&quot;sizes&quot;:{&quot;start&quot;:0,&quot;end&quot;:100}},&quot;background_motion_fx_devices&quot;:[&quot;desktop&quot;,&quot;laptop&quot;,&quot;tablet_extra&quot;,&quot;tablet&quot;,&quot;mobile_extra&quot;,&quot;mobile&quot;]}\" href=\"http:\/\/hi-neuss.de\/\" target=\"_blank\" rel=\"noopener\">\n\t\t\t\t<\/a>\n\t\t<div class=\"elementor-element elementor-element-e90d1a2 e-con-full e-flex elementor-invisible e-con e-child\" data-id=\"e90d1a2\" data-element_type=\"container\" data-e-type=\"container\" data-settings=\"{&quot;background_background&quot;:&quot;classic&quot;,&quot;animation&quot;:&quot;fadeInUp&quot;}\">\n\t\t<div class=\"elementor-element elementor-element-8106608 e-flex e-con-boxed e-con e-child\" data-id=\"8106608\" data-element_type=\"container\" data-e-type=\"container\">\n\t\t\t\t\t<div class=\"e-con-inner\">\n\t\t\t\t<div class=\"elementor-element elementor-element-78704a2 elementor-widget-mobile__width-initial elementor-invisible elementor-widget elementor-widget-heading\" data-id=\"78704a2\" data-element_type=\"widget\" data-e-type=\"widget\" data-settings=\"{&quot;_animation&quot;:&quot;fadeIn&quot;,&quot;_animation_delay&quot;:50}\" data-widget_type=\"heading.default\">\n\t\t\t\t\t<h2 class=\"elementor-heading-title elementor-size-default\">STATION DE RECHARGE POUR VOITURES \u00c9LECTRIQUES<\/h2>\t\t\t\t<\/div>\n\t\t\t\t<div class=\"elementor-element elementor-element-c0e21c7 elementor-widget__width-initial elementor-widget elementor-widget-text-editor\" data-id=\"c0e21c7\" data-element_type=\"widget\" data-e-type=\"widget\" data-widget_type=\"text-editor.default\">\n\t\t\t\t\t\t\t\t\t<p>Rechargez votre voiture \u00e9lectrique\/hybride de mani\u00e8re confortable, rapide et flexible sur les puissantes Allego Wallbox du parking souterrain d&#8217;EUROMODA, payable avec toutes les cartes de recharge courantes et via l&#8217;application. La puissance de charge peut atteindre 11 kW par heure et par point de charge. De plus, vous trouverez des stations de recharge Allego performantes et accessibles au public au 3-5 de la rue Carl-Schurz (y compris deux Super Charger).  Gr\u00e2ce aux Wallbox Allego, l&#8217;EUROMODA est connect\u00e9 au r\u00e9seau de recharge paneurop\u00e9en.<\/p>\n\t\t\t\t\t\t\t\t<\/div>\n\t\t\t\t\t<\/div>\n\t\t\t\t<\/div>\n\t\t\t\t<\/div>\n\t\t\t\t\t<\/div>\n\t\t\t\t<\/div>\n\t\t\t\t<\/div>\n\t\t\t\t\t<\/div>\n\t\t\t\t<\/div>\n\t\t\t\t<\/div>\n\t\t","protected":false},"excerpt":{"rendered":"<p>D\u00e9veloppement durable Parce que c&#8217;est important pour nous PHOTOVOLTA\u00cfQUE Des installations photovolta\u00efques ultramodernes produisent de l&#8217;\u00e9lectricit\u00e9 durable sur les toits d\u2019EUROMODA. TRANSMISSION DE DECHETS Afin de garantir un recyclage maximal des d\u00e9chets, tous les d\u00e9chets produits \u00e0 EUROMODA sont tri\u00e9s physiquement sur place par une entreprise sp\u00e9cialis\u00e9e dans l&#8217;\u00e9limination des d\u00e9chets et collect\u00e9s dans douze [&hellip;]<\/p>\n","protected":false},"author":1,"featured_media":0,"parent":0,"menu_order":0,"comment_status":"closed","ping_status":"closed","template":"elementor_header_footer","meta":{"_acf_changed":false,"inline_featured_image":false,"footnotes":""},"class_list":["post-11550","page","type-page","status-publish","hentry"],"acf":[],"_links":{"self":[{"href":"https:\/\/euromoda-neuss.com\/fr\/wp-json\/wp\/v2\/pages\/11550","targetHints":{"allow":["GET"]}}],"collection":[{"href":"https:\/\/euromoda-neuss.com\/fr\/wp-json\/wp\/v2\/pages"}],"about":[{"href":"https:\/\/euromoda-neuss.com\/fr\/wp-json\/wp\/v2\/types\/page"}],"author":[{"embeddable":true,"href":"https:\/\/euromoda-neuss.com\/fr\/wp-json\/wp\/v2\/users\/1"}],"replies":[{"embeddable":true,"href":"https:\/\/euromoda-neuss.com\/fr\/wp-json\/wp\/v2\/comments?post=11550"}],"version-history":[{"count":0,"href":"https:\/\/euromoda-neuss.com\/fr\/wp-json\/wp\/v2\/pages\/11550\/revisions"}],"wp:attachment":[{"href":"https:\/\/euromoda-neuss.com\/fr\/wp-json\/wp\/v2\/media?parent=11550"}],"curies":[{"name":"wp","href":"https:\/\/api.w.org\/{rel}","templated":true}]}}